{"id":16,"date":"2019-12-18T08:04:11","date_gmt":"2019-12-18T08:04:11","guid":{"rendered":"http:\/\/mira-dry.haut-therapie-zentrum.de\/?page_id=16"},"modified":"2024-02-16T11:04:38","modified_gmt":"2024-02-16T11:04:38","slug":"mira-dry","status":"publish","type":"page","link":"https:\/\/mira-dry.haut-therapie-zentrum.de\/","title":{"rendered":"Mira Dry"},"content":{"rendered":"\n<figure class=\"wp-block-image alignfull size-large\"><img loading=\"lazy\" decoding=\"async\" width=\"2000\" height=\"437\" src=\"https:\/\/mira-dry.haut-therapie-zentrum.de\/wp-content\/uploads\/header-hyperhidrose-hauttherapiezentrum-stuttgart.jpg\" alt=\"Hyperhidrose Behandlung im Hauttherapie Zentrum Stuttgart\" class=\"wp-image-42\" srcset=\"https:\/\/mira-dry.haut-therapie-zentrum.de\/wp-content\/uploads\/header-hyperhidrose-hauttherapiezentrum-stuttgart.jpg 2000w, https:\/\/mira-dry.haut-therapie-zentrum.de\/wp-content\/uploads\/header-hyperhidrose-hauttherapiezentrum-stuttgart-300x66.jpg 300w, https:\/\/mira-dry.haut-therapie-zentrum.de\/wp-content\/uploads\/header-hyperhidrose-hauttherapiezentrum-stuttgart-1024x224.jpg 1024w, https:\/\/mira-dry.haut-therapie-zentrum.de\/wp-content\/uploads\/header-hyperhidrose-hauttherapiezentrum-stuttgart-768x168.jpg 768w, https:\/\/mira-dry.haut-therapie-zentrum.de\/wp-content\/uploads\/header-hyperhidrose-hauttherapiezentrum-stuttgart-1536x336.jpg 1536w\" sizes=\"auto, (max-width: 2000px) 100vw, 2000px\" \/><\/figure>\n\n\n\n<h1 class=\"wp-block-heading has-text-align-center\"> miraDry\u00ae<\/h1>\n\n\n\n<h2 class=\"wp-block-heading\">Der Schwei\u00df Stoppt Hier\u2122<\/h2>\n\n\n\n<p>miraDry\u00ae ist die einzige von der FDA zugelassene, nicht-chirurgische Behandlung, bei der klinisch nachgewiesen wurde, dass sie Achselschwei\u00df und -geruch dauerhaft reduziert. \u00dcber 125.000 Behandlungen wurden weltweit bereits durchgef\u00fchrt. <\/p>\n\n\n\n<p>Geh\u00f6ren Sie zu den 37 Millionen Menschen, die von\n\u00fcberm\u00e4\u00dfigem Schwitzen im Achselbereich betroffen sind?<\/p>\n\n\n\n<p>Jeder schwitzt, aber wenn Sie besorgt sind, dass Sie mehr als eine durchschnittliche Person schwitzen, k\u00f6nnte miraDry\u00ae f\u00fcr Sie sein.&nbsp;<\/p>\n\n\n\n<div class=\"wp-block-columns is-layout-flex wp-container-core-columns-is-layout-9d6595d7 wp-block-columns-is-layout-flex\">\n<div class=\"wp-block-column is-layout-flow wp-block-column-is-layout-flow\">\n<ul class=\"wp-block-list\">\n<li>Zugelassen durch die FDA<\/li>\n\n\n\n<li>Dauerhafte und unmittelbare Ergebnisse<\/li>\n\n\n\n<li>Nicht-chirurgisch <\/li>\n<\/ul>\n<\/div>\n\n\n\n<div class=\"wp-block-column is-layout-flow wp-block-column-is-layout-flow\">\n<ul class=\"wp-block-list\">\n<li>Klinisch erwiesen, dass bis zu 82 % des Schwei\u00dfes reduziert werden<\/li>\n\n\n\n<li>Ergebnisse bereits nach einer Behandlung<\/li>\n<\/ul>\n<\/div>\n<\/div>\n\n\n<p style=\"text-align: center; border-radius: 3px; padding: 6px; background: linear-gradient(to right, #7a7268 0, #c6bcb0 50%, #7a7268 100%); color: #ffffff !important; font-size: 18px;\"><strong><a style=\"text-decoration: none; color: #ffffff !important;\" title=\"miraDry\u00ae\" href=\"https:\/\/www.haut-therapie-zentrum.de\/miradry.html\">\u00ab miraDry\u00ae &#8211; schmerzarm &amp; schonend ganz ohne OP \u00bb <\/a><\/strong><\/p>\n\n<div class=\"wp-block-image\">\n<figure class=\"aligncenter size-large\"><img loading=\"lazy\" decoding=\"async\" width=\"700\" height=\"400\" src=\"https:\/\/mira-dry.haut-therapie-zentrum.de\/wp-content\/uploads\/miraDry-Behandlung.jpg\" alt=\"miraDry\u00ae Behandlung\" class=\"wp-image-104\" srcset=\"https:\/\/mira-dry.haut-therapie-zentrum.de\/wp-content\/uploads\/miraDry-Behandlung.jpg 700w, https:\/\/mira-dry.haut-therapie-zentrum.de\/wp-content\/uploads\/miraDry-Behandlung-300x171.jpg 300w\" sizes=\"auto, (max-width: 700px) 100vw, 700px\" \/><figcaption class=\"wp-element-caption\">miraDry\u00ae &#8211; Effektive Hyperhidrose Behandlung ohne OP<\/figcaption><\/figure>\n<\/div>\n\n\n<h2 class=\"wp-block-heading\">Wie miraDry\u00ae \u00fcberm\u00e4\u00dfige Schwei\u00dfbildung behandelt<\/h2>\n\n\n\n<p>Das miraDry\u00ae-System nutzt W\u00e4rmeenergie, die die Schwei\u00df- und\nDuftdr\u00fcsen im Achselbereich sicher beseitigt. W\u00e4hrend der Behandlung wird der\nbehandelte Bereich zum Schutz Ihrer Haut gezielt gek\u00fchlt. Sobald diese Dr\u00fcsen\nbeseitigt wurden, sind sie f\u00fcr immer verschwunden. &nbsp;<\/p>\n\n\n\n<h4 class=\"wp-block-heading\"><u>KURZ-INFORMATION<\/u><\/h4>\n\n\n\n<p><strong style=\"color: #806857;\">Kosten:<\/strong> 1.500,- \u20ac Euro zzgl. Materialkosten<br><strong style=\"color: #806857;\">Behandlung \/ Bet\u00e4ubung:<\/strong> Ambulant mit lokaler Bet\u00e4ubung<br><strong style=\"color: #806857;\">Behandlungsdauer:<\/strong> Ca. 45 Minuten<br><strong style=\"color: #806857;\">Gesellschaftsf\u00e4hig:<\/strong> sofort<br><strong style=\"color: #806857;\">Umfang:<\/strong> 1 Sitzung <br><strong style=\"color: #806857;\">Sonstiges:<\/strong> Sport kann nach einer Woche wieder gemacht werden; Der Haarwuchs geht in den behandelten Regionen merklich zur\u00fcck. <\/p>\n\n\n<p style=\"text-align: center; border-radius: 3px; padding: 6px; background: linear-gradient(to right, #7a7268 0, #c6bcb0 50%, #7a7268 100%); color: #ffffff !important; font-size: 18px;\"><strong><a style=\"text-decoration: none; color: #ffffff !important;\" title=\"miraDry\u00ae\" href=\"https:\/\/www.haut-therapie-zentrum.de\/miradry.html\">\u00ab miraDry\u00ae &#8211; schmerzarm &amp; schonend ganz ohne OP \u00bb <\/a><\/strong><\/p>\n\n\n<p style=\"text-align:center;\"><iframe loading=\"lazy\" src=\"https:\/\/www.youtube-nocookie.com\/embed\/_hR91FvT3xk?rel=0\" allow=\"accelerometer; autoplay; encrypted-media; gyroscope; picture-in-picture\" allowfullscreen=\"\" width=\"630\" height=\"355\" frameborder=\"0\"><\/iframe><\/p>\n\n\n\n<h2 class=\"wp-block-heading\">Vereinbaren Sie einen Termin f\u00fcr das erste unverbindliche Beratungsgespr\u00e4ch<\/h2>\n\n\n\n<h2 class=\"wp-block-heading has-text-align-left\">Tel. <a href=\"tel:+497112524080\">+49 (0) 711 252 40 80<\/a><\/h2>\n\n\n\n<p>Falls Sie uns telefonisch nicht erreichen, freuen wir uns \u00fcber Ihre Anfrage per Mail: <a href=\"mailto:info@haut-therapie-zentrum.de\">info@haut-therapie-zentrum.de<\/a><\/p>\n\n\n\n<p><a href=\"https:\/\/www.haut-therapie-zentrum.de\/aerzte.html\"><strong>\u00ab \u00dcber uns \u00bb<\/strong><\/a> Weitere Infos \u00fcber uns und das Fach\u00e4rzte Team<\/p>\n\n\n\n<p><a href=\"https:\/\/www.haut-therapie-zentrum.de\/presse.html\"><strong>\u00ab Presse \u00bb<\/strong><\/a> Wissenschafliche Publikationen, Zeitschriften- Zeitungsberichte, Radio und TV Sendungen der leitenden \u00c4rzte<\/p>\n\n\n\n<p><a href=\"https:\/\/www.haut-therapie-zentrum.de\/kontakt.html\"><strong>\u00ab Anfahrt &amp; Kontakt \u00bb<\/strong><\/a> Unsere Sprechzeiten und Kontaktdaten<\/p>\n\n\n\n<p><\/p>\n\n\n\n<div class=\"wp-block-columns is-layout-flex wp-container-core-columns-is-layout-9d6595d7 wp-block-columns-is-layout-flex\">\n<div class=\"wp-block-column is-layout-flow wp-block-column-is-layout-flow\">\n<iframe loading=\"lazy\" src=\"https:\/\/www.google.com\/maps\/embed?pb=!1m14!1m8!1m3!1d42068.123431350265!2d9.174968!3d48.77697!3m2!1i1024!2i768!4f13.1!3m3!1m2!1s0x0%3A0xd50dadce3a69a0e9!2sHautTherapieZentrum%20Stuttgart%20Dr.%20R.%20Merkert!5e0!3m2!1sde!2sde!4v1576662866461!5m2!1sde!2sde\" style=\"border:0;\" allowfullscreen=\"\" width=\"100%\" height=\"550\" frameborder=\"0\"><\/iframe>\n<\/div>\n\n\n\n<div class=\"wp-block-column is-layout-flow wp-block-column-is-layout-flow\">\n<p><img loading=\"lazy\" decoding=\"async\" src=\"\/wp-content\/uploads\/icon-parkgarage.gif\" alt=\"\" width=\"24\" height=\"24\"> BW-Bank Stadtmitte<br>(Entfernung: 132 m)<br>Calwer Stra\u00dfe, Telefon: (0711) 22294100<\/p>\n<p><img loading=\"lazy\" decoding=\"async\" src=\"\/wp-content\/uploads\/icon-parkgarage.gif\" alt=\"\" width=\"24\" height=\"24\"> Karstadt-Mitte<br>(Entfernung: 199 m)<br>Neue Br\u00fccke, Telefon: (0711) 20820, 240 Pl\u00e4tze<\/p>\n<p><img loading=\"lazy\" decoding=\"async\" src=\"\/wp-content\/uploads\/icon-parkgarage.gif\" alt=\"\" width=\"24\" height=\"24\"> Baden-W\u00fcrttembergische Bank <br>(Entfernung: 224 m)<br>Kleiner Schlo\u00dfplatz 11, Telefon: (0711) 187400, 230 Pl\u00e4tze<\/p>\n<p><img loading=\"lazy\" decoding=\"async\" src=\"\/wp-content\/uploads\/icon-parkgarage.gif\" alt=\"\" width=\"24\" height=\"24\"> Deutsche Bank<br> (Entfernung: 161 m)<br>Theodor-Heuss-Stra\u00dfe 3A, Telefon: (0711) 187400<\/p>\n<p><img loading=\"lazy\" decoding=\"async\" src=\"\/wp-content\/uploads\/icon-parkgarage.gif\" alt=\"\" width=\"24\" height=\"24\"> Kronprinzstra\u00dfe<br>(Entfernung: 200 m)<br>Kronprinzstra\u00dfe, Telefon: (0711) 22294111, 720 Pl\u00e4tze<\/p>\n<p><a href=\"https:\/\/www.verkehrsinfo-bw.de\/?zoom=6&amp;fullscreen=false%C2%A2er%3D48.77731195134424,9.179205111741638&amp;layers=Beschriftung,Verkehrslage,Reisezeitverlust,Verkehrsmeldungen,Baustellen,Parken%20und%20Mitfahren,LKW%20Parkpl%C3%A4tze,Verkehrskameras,Stra%C3%9Fenwetter,Wechselwegweisung,Betriebsmeldungen&amp;von=2019-11-11%2008%3A32&amp;bis=2019-11-11%2023%3A59\" target=\"_blank\" rel=\"noopener noreferrer\">Zum Verkehrslage-Service der Landeshauptstadt Stuttgart<\/a><\/p>\n<\/div>\n<\/div>\n","protected":false},"excerpt":{"rendered":"<p>miraDry\u00ae Der Schwei\u00df Stoppt Hier\u2122 miraDry\u00ae ist die einzige von der FDA zugelassene, nicht-chirurgische Behandlung, bei der klinisch nachgewiesen wurde, dass sie Achselschwei\u00df und -geruch dauerhaft reduziert. \u00dcber 125.000 Behandlungen wurden weltweit bereits durchgef\u00fchrt. Geh\u00f6ren Sie zu den 37 Millionen Menschen, die von \u00fcberm\u00e4\u00dfigem Schwitzen im Achselbereich betroffen sind? Jeder schwitzt, aber wenn Sie besorgt &#8230; <a title=\"Mira Dry\" class=\"read-more\" href=\"https:\/\/mira-dry.haut-therapie-zentrum.de\/\" aria-label=\"Mehr Informationen \u00fcber Mira Dry\">Weiterlesen<\/a><\/p>\n","protected":false},"author":1,"featured_media":0,"parent":0,"menu_order":0,"comment_status":"closed","ping_status":"closed","template":"","meta":{"footnotes":""},"class_list":["post-16","page","type-page","status-publish"],"_links":{"self":[{"href":"https:\/\/mira-dry.haut-therapie-zentrum.de\/index.php?rest_route=\/wp\/v2\/pages\/16","targetHints":{"allow":["GET"]}}],"collection":[{"href":"https:\/\/mira-dry.haut-therapie-zentrum.de\/index.php?rest_route=\/wp\/v2\/pages"}],"about":[{"href":"https:\/\/mira-dry.haut-therapie-zentrum.de\/index.php?rest_route=\/wp\/v2\/types\/page"}],"author":[{"embeddable":true,"href":"https:\/\/mira-dry.haut-therapie-zentrum.de\/index.php?rest_route=\/wp\/v2\/users\/1"}],"replies":[{"embeddable":true,"href":"https:\/\/mira-dry.haut-therapie-zentrum.de\/index.php?rest_route=%2Fwp%2Fv2%2Fcomments&post=16"}],"version-history":[{"count":63,"href":"https:\/\/mira-dry.haut-therapie-zentrum.de\/index.php?rest_route=\/wp\/v2\/pages\/16\/revisions"}],"predecessor-version":[{"id":209,"href":"https:\/\/mira-dry.haut-therapie-zentrum.de\/index.php?rest_route=\/wp\/v2\/pages\/16\/revisions\/209"}],"wp:attachment":[{"href":"https:\/\/mira-dry.haut-therapie-zentrum.de\/index.php?rest_route=%2Fwp%2Fv2%2Fmedia&parent=16"}],"curies":[{"name":"wp","href":"https:\/\/api.w.org\/{rel}","templated":true}]}}